{"id":7339,"date":"2021-04-08T15:03:56","date_gmt":"2021-04-08T13:03:56","guid":{"rendered":"https:\/\/rhyfall-maendli.ch\/travel-planning\/ausflugsziele-am-rheinfall\/"},"modified":"2025-10-10T11:38:25","modified_gmt":"2025-10-10T09:38:25","slug":"things-to-do-at-the-rhine-falls","status":"publish","type":"page","link":"https:\/\/rhyfall-maendli.ch\/en\/travel-planning\/things-to-do-at-the-rhine-falls\/","title":{"rendered":"Things to do at the Rhine Falls"},"content":{"rendered":"<div class=\"page-section style-default layout-default align-default\" >\n\t<div class=\"container\">\n\t\t<div class=\"row\"><div class=\"layout-default layout-margin-default col-xs-12 col-sm-12 col-md-12 col-lg-12 col-xl-12\" data-sal><div class=\"hero-text\" data-sal>\n\t<h1 class=\"p1\" style=\"text-align: center;\">Things to do at the Rhine Falls<\/h1><div style=\"text-align: center;\">The Rhine Falls are always worth a visit.<\/div>\n<\/div><\/div><\/div>\n\t<\/div>\n<\/div><div class=\"page-section style-default layout-default align-default\" >\n\t<div class=\"container\">\n\t\t<div class=\"row\"><div class=\"col-xs-12 col-sm-12 col-md-12 col-lg-12 col-xl-12\" data-sal><div class=\"ug ug-xs-1-30 ug-sm-1-30 ug-md-1-30 ug-lg-2-30 ug-xl-2-30\">\n\t<div class=\"offer-box images-box images-box--layout-single images-box--vertical images-box--linked\" >\n\t<img loading=\"lazy\" decoding=\"async\" width=\"700\" height=\"525\" src=\"https:\/\/rhyfall-maendli.ch\/wp-content\/uploads\/Smilestones_1.jpg\" class=\"images-box__image images-box__image--1\" alt=\"\" srcset=\"https:\/\/rhyfall-maendli.ch\/wp-content\/uploads\/Smilestones_1.jpg 700w, https:\/\/rhyfall-maendli.ch\/wp-content\/uploads\/Smilestones_1-300x225.jpg 300w, https:\/\/rhyfall-maendli.ch\/wp-content\/uploads\/Smilestones_1-200x150.jpg 200w\" sizes=\"auto, (max-width: 700px) 100vw, 700px\" \/>\n\t<div class=\"images-box__content-box\">\n\t\t<a class=\"images-box__content\" href=\"https:\/\/www.smilestones.ch\/\" target=\"1\" rel=\"noopener\">\n\t\t\t\n\t\t\t\n\t\t\t<h2>Smilestones &#8211; Miniature World at the Rhine Falls<\/h2><p>Visit the Rhine Falls, the Matterhorn and the Jungfraujoch &#8211; all in one day and air-conditioned! That&#8217;s only possible at Smilestones, the largest indoor miniature world in Switzerland.<\/p>\n\t\t\t\n\t\t\t<div class=\"images-box__buttons\">\n<span class=\"button images-box__button\">Learn More<\/span>\n<\/div>\n\t\t<\/a>\n\t<\/div>\n<\/div><div class=\"offer-box images-box images-box--layout-single images-box--vertical images-box--linked offer-box--with-price\" >\n\t<img loading=\"lazy\" decoding=\"async\" width=\"640\" height=\"480\" src=\"https:\/\/rhyfall-maendli.ch\/wp-content\/uploads\/Rhyality_horizontal_2.jpg\" class=\"images-box__image images-box__image--1\" alt=\"\" srcset=\"https:\/\/rhyfall-maendli.ch\/wp-content\/uploads\/Rhyality_horizontal_2.jpg 640w, https:\/\/rhyfall-maendli.ch\/wp-content\/uploads\/Rhyality_horizontal_2-300x225.jpg 300w, https:\/\/rhyfall-maendli.ch\/wp-content\/uploads\/Rhyality_horizontal_2-200x150.jpg 200w\" sizes=\"auto, (max-width: 640px) 100vw, 640px\" \/>\n\t<div class=\"images-box__content-box\">\n\t\t<a class=\"images-box__content\" href=\"https:\/\/rhyality.ch\/\" target=\"1\" rel=\"noopener\">\n\t\t\t\n\t\t\t<div class=\"offer-box__price\">\n\t<br \/>\n\n<\/div>\n\t\t\t<h2>Rhyality &#8211; Immersive Art Hall<\/h2>\n<p>The Immersive Art Hall offers artistic and cultural creation a unique setting and architecture, creating a performance space with a wide range of potential uses.<\/p>\n\n\t\t\t\n\t\t\t<div class=\"images-box__buttons\">\n<span class=\"button images-box__button\">Learn More<\/span>\n<\/div>\n\t\t<\/a>\n\t<\/div>\n<\/div><div class=\"offer-box images-box images-box--layout-single images-box--vertical images-box--linked\" >\n\t<img loading=\"lazy\" decoding=\"async\" width=\"1200\" height=\"630\" src=\"https:\/\/rhyfall-maendli.ch\/wp-content\/uploads\/AP-Rheinfall_1.jpg\" class=\"images-box__image images-box__image--1\" alt=\"\" srcset=\"https:\/\/rhyfall-maendli.ch\/wp-content\/uploads\/AP-Rheinfall_1.jpg 1200w, https:\/\/rhyfall-maendli.ch\/wp-content\/uploads\/AP-Rheinfall_1-300x158.jpg 300w, https:\/\/rhyfall-maendli.ch\/wp-content\/uploads\/AP-Rheinfall_1-1024x538.jpg 1024w, https:\/\/rhyfall-maendli.ch\/wp-content\/uploads\/AP-Rheinfall_1-768x403.jpg 768w, https:\/\/rhyfall-maendli.ch\/wp-content\/uploads\/AP-Rheinfall_1-200x105.jpg 200w\" sizes=\"auto, (max-width: 1200px) 100vw, 1200px\" \/>\n\t<div class=\"images-box__content-box\">\n\t\t<a class=\"images-box__content\" href=\"https:\/\/www.ap-rheinfall.ch\/\" target=\"1\" rel=\"noopener\">\n\t\t\t\n\t\t\t\n\t\t\t<h2>Adventure Park Rhine Falls<\/h2><p>The largest adventure park in Switzerland is a real treat for both sports enthusiasts and those in search of fun. Test your skills and fitness on over 170 elements.<\/p>\n\t\t\t\n\t\t\t<div class=\"images-box__buttons\">\n<span class=\"button images-box__button\">Learn More<\/span>\n<\/div>\n\t\t<\/a>\n\t<\/div>\n<\/div><div class=\"offer-box images-box images-box--layout-single images-box--vertical images-box--linked\" >\n\t<img loading=\"lazy\" decoding=\"async\" width=\"1000\" height=\"667\" src=\"https:\/\/rhyfall-maendli.ch\/wp-content\/uploads\/Rhyfall-Express_1.jpg\" class=\"images-box__image images-box__image--1\" alt=\"\" srcset=\"https:\/\/rhyfall-maendli.ch\/wp-content\/uploads\/Rhyfall-Express_1.jpg 1000w, https:\/\/rhyfall-maendli.ch\/wp-content\/uploads\/Rhyfall-Express_1-300x200.jpg 300w, https:\/\/rhyfall-maendli.ch\/wp-content\/uploads\/Rhyfall-Express_1-768x512.jpg 768w, https:\/\/rhyfall-maendli.ch\/wp-content\/uploads\/Rhyfall-Express_1-200x133.jpg 200w\" sizes=\"auto, (max-width: 1000px) 100vw, 1000px\" \/>\n\t<div class=\"images-box__content-box\">\n\t\t<a class=\"images-box__content\" href=\"https:\/\/rhyfall-express.ch\/\" target=\"1\" rel=\"noopener\">\n\t\t\t\n\t\t\t\n\t\t\t<h2>Rhyfall Express<\/h2><p>Enjoy a nostalgic ride with our Tschu-tschu Bahn from the old town of Schaffhausen to the Rhine Falls &#8211; or plan your own ride!<\/p>\n\t\t\t\n\t\t\t<div class=\"images-box__buttons\">\n<span class=\"button images-box__button\">Learn More<\/span>\n<\/div>\n\t\t<\/a>\n\t<\/div>\n<\/div>\n<\/div><\/div><div class=\"col-xs-12 col-sm-12 col-md-12 col-lg-12 col-xl-12\" data-sal><div class=\"ug ug-xs-1-30 ug-sm-1-30 ug-md-1-30 ug-lg-2-30 ug-xl-2-30\">\n\t<div class=\"offer-box images-box images-box--layout-single images-box--vertical images-box--linked\" >\n\t<img loading=\"lazy\" decoding=\"async\" width=\"800\" height=\"541\" src=\"https:\/\/rhyfall-maendli.ch\/wp-content\/uploads\/URH_2.jpg\" class=\"images-box__image images-box__image--1\" alt=\"\" srcset=\"https:\/\/rhyfall-maendli.ch\/wp-content\/uploads\/URH_2.jpg 800w, https:\/\/rhyfall-maendli.ch\/wp-content\/uploads\/URH_2-300x203.jpg 300w, https:\/\/rhyfall-maendli.ch\/wp-content\/uploads\/URH_2-768x519.jpg 768w, https:\/\/rhyfall-maendli.ch\/wp-content\/uploads\/URH_2-200x135.jpg 200w\" sizes=\"auto, (max-width: 800px) 100vw, 800px\" \/>\n\t<div class=\"images-box__content-box\">\n\t\t<a class=\"images-box__content\" href=\"https:\/\/www.urh.ch\/\" target=\"1\" rel=\"noopener\">\n\t\t\t\n\t\t\t\n\t\t\t<h2>Shipping Untersee und Rhein<\/h2><p>Trips between Schaffhausen and Constance \/ Kreuzlingen run daily from April to October. The journey from\u00a0Schaffhausen\u00a0to\u00a0Stein am Rhein\u00a0takes you through the idyllic,\u00a0 untouched river landscape of the Rhine. There\u2019s a highlight just waiting to be discovered !<\/p>\n\t\t\t\n\t\t\t<div class=\"images-box__buttons\">\n<span class=\"button images-box__button\">Learn More<\/span>\n<\/div>\n\t\t<\/a>\n\t<\/div>\n<\/div><div class=\"offer-box images-box images-box--layout-single images-box--vertical images-box--linked\" >\n\t<img loading=\"lazy\" decoding=\"async\" width=\"1000\" height=\"673\" src=\"https:\/\/rhyfall-maendli.ch\/wp-content\/uploads\/Schaffhausen_1.jpg\" class=\"images-box__image images-box__image--1\" alt=\"\" srcset=\"https:\/\/rhyfall-maendli.ch\/wp-content\/uploads\/Schaffhausen_1.jpg 1000w, https:\/\/rhyfall-maendli.ch\/wp-content\/uploads\/Schaffhausen_1-300x202.jpg 300w, https:\/\/rhyfall-maendli.ch\/wp-content\/uploads\/Schaffhausen_1-768x517.jpg 768w, https:\/\/rhyfall-maendli.ch\/wp-content\/uploads\/Schaffhausen_1-200x135.jpg 200w\" sizes=\"auto, (max-width: 1000px) 100vw, 1000px\" \/>\n\t<div class=\"images-box__content-box\">\n\t\t<a class=\"images-box__content\" href=\"https:\/\/schaffhauserland.ch\/de\/entdecken\/regionen-entdecken\/schaffhausen.html\" target=\"1\" rel=\"noopener\">\n\t\t\t\n\t\t\t\n\t\t\t<h2>Schaffhausen Old Town<\/h2><p>Schaffhausen&#8217;s traffic-free old town is considered one of the most picturesque in Switzerland because of its many oriel windows and the sumptuously painted facades of its houses. Many beautiful guild and town houses date from the Gothic or Baroque periods. The lively old town offers many shopping opportunities.<\/p>\n\t\t\t\n\t\t\t<div class=\"images-box__buttons\">\n<span class=\"button images-box__button\">Learn More<\/span>\n<\/div>\n\t\t<\/a>\n\t<\/div>\n<\/div>\n<\/div><\/div><div class=\"col-xs-12 col-sm-12 col-md-12 col-lg-12 col-xl-12\" data-sal><div class=\"ug ug-xs-1-30 ug-sm-1-30 ug-md-1-30 ug-lg-2-30 ug-xl-2-30\">\n\t<div class=\"offer-box images-box images-box--layout-single images-box--vertical images-box--linked offer-box--with-price\" >\n\t<img loading=\"lazy\" decoding=\"async\" width=\"2560\" height=\"1707\" src=\"https:\/\/rhyfall-maendli.ch\/wp-content\/uploads\/export-38.jpg\" class=\"images-box__image images-box__image--1\" alt=\"\" srcset=\"https:\/\/rhyfall-maendli.ch\/wp-content\/uploads\/export-38.jpg 2560w, https:\/\/rhyfall-maendli.ch\/wp-content\/uploads\/export-38-300x200.jpg 300w, https:\/\/rhyfall-maendli.ch\/wp-content\/uploads\/export-38-1024x683.jpg 1024w, https:\/\/rhyfall-maendli.ch\/wp-content\/uploads\/export-38-768x512.jpg 768w, https:\/\/rhyfall-maendli.ch\/wp-content\/uploads\/export-38-1536x1024.jpg 1536w, https:\/\/rhyfall-maendli.ch\/wp-content\/uploads\/export-38-2048x1366.jpg 2048w, https:\/\/rhyfall-maendli.ch\/wp-content\/uploads\/export-38-200x133.jpg 200w\" sizes=\"auto, (max-width: 2560px) 100vw, 2560px\" \/>\n\t<div class=\"images-box__content-box\">\n\t\t<a class=\"images-box__content\" href=\"https:\/\/www.rivi-skyfall.ch\/\" target=\"1\" rel=\"noopener\">\n\t\t\t\n\t\t\t<div class=\"offer-box__price\">\n\t<br \/>\n\n<\/div>\n\t\t\t<h2>Rivi Skyfall<\/h2>\n<p>Welcome to one of the highest kitchens in the canton of Schaffhausen \u2013 136 metres above the Rhine Falls. With a view of one of Europe&#8217;s most impressive natural wonders, we combine contemporary cuisine with honest craftsmanship and selected ingredients from the region.<\/p>\n\n\t\t\t\n\t\t\t<div class=\"images-box__buttons\">\n<span class=\"button images-box__button\">Learn more<\/span>\n<\/div>\n\t\t<\/a>\n\t<\/div>\n<\/div><div class=\"offer-box images-box images-box--layout-single images-box--vertical images-box--linked offer-box--with-price\" >\n\t<img loading=\"lazy\" decoding=\"async\" width=\"2500\" height=\"1667\" src=\"https:\/\/rhyfall-maendli.ch\/wp-content\/uploads\/IMG_7618.jpg\" class=\"images-box__image images-box__image--1\" alt=\"Blick vom Restaurant auf den Rheinfall\" srcset=\"https:\/\/rhyfall-maendli.ch\/wp-content\/uploads\/IMG_7618.jpg 2500w, https:\/\/rhyfall-maendli.ch\/wp-content\/uploads\/IMG_7618-300x200.jpg 300w, https:\/\/rhyfall-maendli.ch\/wp-content\/uploads\/IMG_7618-1024x683.jpg 1024w, https:\/\/rhyfall-maendli.ch\/wp-content\/uploads\/IMG_7618-768x512.jpg 768w, https:\/\/rhyfall-maendli.ch\/wp-content\/uploads\/IMG_7618-1536x1024.jpg 1536w, https:\/\/rhyfall-maendli.ch\/wp-content\/uploads\/IMG_7618-2048x1366.jpg 2048w, https:\/\/rhyfall-maendli.ch\/wp-content\/uploads\/IMG_7618-200x133.jpg 200w\" sizes=\"auto, (max-width: 2500px) 100vw, 2500px\" \/>\n\t<div class=\"images-box__content-box\">\n\t\t<a class=\"images-box__content\" href=\"https:\/\/erlebnis-rheinfall.ch\/en\" target=\"1\" rel=\"noopener\">\n\t\t\t\n\t\t\t<div class=\"offer-box__price\">\n\t<br \/>\n\n<\/div>\n\t\t\t<h2>Schl\u00f6ssli W\u00f6rth &#8211; Erlebnis Rheinfall<\/h2>\n<p>With a view of the Rhine Falls, Schl\u00f6ssli W\u00f6rth is the perfect place for anyone who wants to dine \u00e0 la carte and enjoy seasonal specialities.<br \/>\nIt also offers a festive setting for weddings, birthdays or company celebrations.<\/p>\n\n\t\t\t\n\t\t\t<div class=\"images-box__buttons\">\n<span class=\"button images-box__button\">Learn More<\/span>\n<\/div>\n\t\t<\/a>\n\t<\/div>\n<\/div><div class=\"offer-box images-box images-box--layout-single images-box--vertical images-box--linked\" >\n\t<img loading=\"lazy\" decoding=\"async\" width=\"960\" height=\"540\" src=\"https:\/\/rhyfall-maendli.ch\/wp-content\/uploads\/Schloss_Laufen_1.jpg\" class=\"images-box__image images-box__image--1\" alt=\"\" srcset=\"https:\/\/rhyfall-maendli.ch\/wp-content\/uploads\/Schloss_Laufen_1.jpg 960w, https:\/\/rhyfall-maendli.ch\/wp-content\/uploads\/Schloss_Laufen_1-300x169.jpg 300w, https:\/\/rhyfall-maendli.ch\/wp-content\/uploads\/Schloss_Laufen_1-768x432.jpg 768w, https:\/\/rhyfall-maendli.ch\/wp-content\/uploads\/Schloss_Laufen_1-200x113.jpg 200w\" sizes=\"auto, (max-width: 960px) 100vw, 960px\" \/>\n\t<div class=\"images-box__content-box\">\n\t\t<a class=\"images-box__content\" href=\"https:\/\/www.schlosslaufen.ch\/\" target=\"1\" rel=\"noopener\">\n\t\t\t\n\t\t\t\n\t\t\t<h2>Castle Laufen<\/h2><p>A total experience of natural spectacle, cultural heritage and gastronomy awaits you at Castle Laufen: for more than 1,000 years, it has been enthroned proudly above the Rhine Falls near Schaffhausen.<\/p>\n\t\t\t\n\t\t\t<div class=\"images-box__buttons\">\n<span class=\"button images-box__button\">Learn More<\/span>\n<\/div>\n\t\t<\/a>\n\t<\/div>\n<\/div>\n<\/div><\/div><\/div>\n\t<\/div>\n<\/div><div class=\"page-section style-light layout-default align-default\" >\n\t<div class=\"container-fluid\">\n\t\t<div class=\"row\"><div class=\"layout-nopm layout-margin-default col-xs-12 col-sm-12 col-md-12 col-lg-12 col-xl-12\" data-sal><div class=\"page-section style-light layout-default align-default\" >\n\t<div class=\"container-fluid\">\n\t\t<div class=\"row\"><div class=\"layout-nopm layout-margin-default col-xs-12 col-sm-12 col-md-12 col-lg-12 col-xl-12\" data-sal><div class=\"wpce-swiper vanilla-swiper\" data-swiper-id=\"69f1cc1ea7c09\" data-loop=\"false\" data-breakpoints=\"null\">\n\t<div class=\"container swiper-header\">\n\t\t<h2 class=\"headline\">This might also interest you<\/h2>\n\t\t<div class=\"button-container\">\n\t\t\t<div class=\"custom-button custom-button-prev\">\n\t\t\t\t<img decoding=\"async\" src=\"https:\/\/rhyfall-maendli.ch\/wp-content\/themes\/rhyfall-maendli-2020\/res\/icons\/direction\/chevron-left-white.svg\" alt=\"left\">\n\t\t\t<\/div>\n\t\t\t<div class=\"custom-button custom-button-next\">\n\t\t\t\t<img decoding=\"async\" src=\"https:\/\/rhyfall-maendli.ch\/wp-content\/themes\/rhyfall-maendli-2020\/res\/icons\/direction\/chevron-right-white.svg\" alt=\"right\">\n\t\t\t<\/div>\n\t\t<\/div>\n\t<\/div>\n\t<div class=\"swiper-container\" id=\"69f1cc1ea7c09\">\n\t\t<div class=\"swiper-wrapper\">\n\t\t\t<div class=\"swiper-slide\"><div class=\"offer-box images-box images-box--layout-single images-box--vertical images-box--linked offer-box--with-price\" >\n\t<img loading=\"lazy\" decoding=\"async\" width=\"1200\" height=\"898\" src=\"https:\/\/rhyfall-maendli.ch\/wp-content\/uploads\/Felsenfahrt-klein-1.jpg\" class=\"images-box__image images-box__image--1\" alt=\"\" srcset=\"https:\/\/rhyfall-maendli.ch\/wp-content\/uploads\/Felsenfahrt-klein-1.jpg 1200w, https:\/\/rhyfall-maendli.ch\/wp-content\/uploads\/Felsenfahrt-klein-1-300x225.jpg 300w, https:\/\/rhyfall-maendli.ch\/wp-content\/uploads\/Felsenfahrt-klein-1-1024x766.jpg 1024w, https:\/\/rhyfall-maendli.ch\/wp-content\/uploads\/Felsenfahrt-klein-1-768x575.jpg 768w, https:\/\/rhyfall-maendli.ch\/wp-content\/uploads\/Felsenfahrt-klein-1-200x150.jpg 200w\" sizes=\"auto, (max-width: 1200px) 100vw, 1200px\" \/>\n\t<div class=\"images-box__content-box\">\n\t\t<a class=\"images-box__content\" href=\"https:\/\/rhyfall-maendli.ch\/linienfahrten-und-erlebnisse\/felsenfahrt\/\" target=\"\">\n\t\t\t\n\t\t\t<div class=\"offer-box__price\">\n\t<p><strong>from<br \/>\n<big>22.50 CHF<\/big><br \/>\nper person<\/strong><\/p>\n\n<\/div>\n\t\t\t<h2>Rock Experience<\/h2>\n<p>The Rock Experience is our highlight at the Rhine Falls in Schaffhausen. Take the opportunity to experience the largest waterfall in Europe in a unique way.<\/p>\n\n\t\t\t\n\t\t\t<div class=\"images-box__buttons\">\n<span class=\"button images-box__button\">Learn More<\/span>\n<\/div>\n\t\t<\/a>\n\t<\/div>\n<\/div><\/div><div class=\"swiper-slide\"><div class=\"offer-box images-box images-box--layout-single images-box--vertical images-box--linked offer-box--with-price\" >\n\t<img loading=\"lazy\" decoding=\"async\" width=\"2560\" height=\"1753\" src=\"https:\/\/rhyfall-maendli.ch\/wp-content\/uploads\/rheinfall-juli25-4-1.jpg\" class=\"images-box__image images-box__image--1\" alt=\"\" srcset=\"https:\/\/rhyfall-maendli.ch\/wp-content\/uploads\/rheinfall-juli25-4-1.jpg 2560w, https:\/\/rhyfall-maendli.ch\/wp-content\/uploads\/rheinfall-juli25-4-1-300x205.jpg 300w, https:\/\/rhyfall-maendli.ch\/wp-content\/uploads\/rheinfall-juli25-4-1-1024x701.jpg 1024w, https:\/\/rhyfall-maendli.ch\/wp-content\/uploads\/rheinfall-juli25-4-1-768x526.jpg 768w, https:\/\/rhyfall-maendli.ch\/wp-content\/uploads\/rheinfall-juli25-4-1-1536x1052.jpg 1536w, https:\/\/rhyfall-maendli.ch\/wp-content\/uploads\/rheinfall-juli25-4-1-2048x1402.jpg 2048w, https:\/\/rhyfall-maendli.ch\/wp-content\/uploads\/rheinfall-juli25-4-1-200x137.jpg 200w\" sizes=\"auto, (max-width: 2560px) 100vw, 2560px\" \/>\n\t<div class=\"images-box__content-box\">\n\t\t<a class=\"images-box__content\" href=\"https:\/\/rhyfall-maendli.ch\/linienfahrten-und-erlebnisse\/kleine-rundfahrt\/\" target=\"\">\n\t\t\t\n\t\t\t<div class=\"offer-box__price\">\n\t<p><strong>from<br \/>\n<big>10.50 CHF<\/big><br \/>\nper person<\/strong><\/p>\n\n<\/div>\n\t\t\t<h2>15-Minute Round Trip<\/h2>\n<p>The Short Tour No. 4 Blue Line is the boat tour for everyone. Take the opportunity to experience the thundering waters of Europe&#8217;s largest waterfall up close.<\/p>\n\n\t\t\t\n\t\t\t<div class=\"images-box__buttons\">\n<span class=\"button images-box__button\">Learn More<\/span>\n<\/div>\n\t\t<\/a>\n\t<\/div>\n<\/div><\/div><div class=\"swiper-slide\"><div class=\"offer-box images-box images-box--layout-single images-box--vertical images-box--linked offer-box--with-price\" >\n\t<img loading=\"lazy\" decoding=\"async\" width=\"2064\" height=\"1376\" src=\"https:\/\/rhyfall-maendli.ch\/wp-content\/uploads\/Audio-vor-Rheinfall-1.jpg\" class=\"images-box__image images-box__image--1\" alt=\"\" srcset=\"https:\/\/rhyfall-maendli.ch\/wp-content\/uploads\/Audio-vor-Rheinfall-1.jpg 2064w, https:\/\/rhyfall-maendli.ch\/wp-content\/uploads\/Audio-vor-Rheinfall-1-300x200.jpg 300w, https:\/\/rhyfall-maendli.ch\/wp-content\/uploads\/Audio-vor-Rheinfall-1-1024x683.jpg 1024w, https:\/\/rhyfall-maendli.ch\/wp-content\/uploads\/Audio-vor-Rheinfall-1-768x512.jpg 768w, https:\/\/rhyfall-maendli.ch\/wp-content\/uploads\/Audio-vor-Rheinfall-1-1536x1024.jpg 1536w, https:\/\/rhyfall-maendli.ch\/wp-content\/uploads\/Audio-vor-Rheinfall-1-2048x1365.jpg 2048w, https:\/\/rhyfall-maendli.ch\/wp-content\/uploads\/Audio-vor-Rheinfall-1-200x133.jpg 200w\" sizes=\"auto, (max-width: 2064px) 100vw, 2064px\" \/>\n\t<div class=\"images-box__content-box\">\n\t\t<a class=\"images-box__content\" href=\"https:\/\/rhyfall-maendli.ch\/linienfahrten-und-erlebnisse\/audioguide\/\" target=\"\">\n\t\t\t\n\t\t\t<div class=\"offer-box__price\">\n\t<p><strong>from<br \/>\n<big>14.00 CHF<\/big><br \/>\nper person<\/strong><\/p>\n\n<\/div>\n\t\t\t<h2 class=\"p1\">30-Minute Audio Round Trip<\/h2>\n<p>Get on board, put on your headphones and off you go. Let yourself be enchanted and learn about the exciting places and their history around the Rhine Falls &#8211; listen and be amazed!<\/p>\n\n\t\t\t\n\t\t\t<div class=\"images-box__buttons\">\n<span class=\"button images-box__button\">Learn More<\/span>\n<\/div>\n\t\t<\/a>\n\t<\/div>\n<\/div><\/div><div class=\"swiper-slide\"><div class=\"offer-box images-box images-box--layout-single images-box--vertical offer-box--with-price\" >\n\t<img loading=\"lazy\" decoding=\"async\" width=\"1000\" height=\"792\" src=\"https:\/\/rhyfall-maendli.ch\/wp-content\/uploads\/DreiWelten-Mood-Rheinfall.jpg\" class=\"images-box__image images-box__image--1\" alt=\"\" srcset=\"https:\/\/rhyfall-maendli.ch\/wp-content\/uploads\/DreiWelten-Mood-Rheinfall.jpg 1000w, https:\/\/rhyfall-maendli.ch\/wp-content\/uploads\/DreiWelten-Mood-Rheinfall-300x238.jpg 300w, https:\/\/rhyfall-maendli.ch\/wp-content\/uploads\/DreiWelten-Mood-Rheinfall-768x608.jpg 768w, https:\/\/rhyfall-maendli.ch\/wp-content\/uploads\/DreiWelten-Mood-Rheinfall-200x158.jpg 200w\" sizes=\"auto, (max-width: 1000px) 100vw, 1000px\" \/>\n\t<div class=\"images-box__content-box\">\n\t\t<div class=\"images-box__content\" >\n\t\t\t\n\t\t\t<div class=\"offer-box__price\">\n\t<p><strong><big>Rock Experience<\/big><br \/>\nincluded<br \/>\n<\/strong><\/p>\n\n<\/div>\n\t\t\t<h2>Drei Welten Card<\/h2>\n<p class=\"p1\">As a DreiWelten Card holder, you can benefit from a free boat ride on the &#8220;Rock Tour Yellow Line No. 1&#8221; when you present your card at the ticket counter.<\/p>\n\n\t\t\t\n\t\t\t\n\t\t<\/div>\n\t<\/div>\n<\/div><\/div>\n\t\t<\/div>\n\t<\/div>\n<\/div><\/div><\/div>\n\t<\/div>\n<\/div><\/div><\/div>\n\t<\/div>\n<\/div>","protected":false},"excerpt":{"rendered":"<p>Things to do at the Rhine FallsThe Rhine Falls are always worth a visit. Smilestones &#8211; Miniature World at the Rhine FallsVisit the Rhine Falls, the Matterhorn and the Jungfraujoch &#8211; all in one day and air-conditioned! That&#8217;s only possible at Smilestones, the largest indoor miniature world in Switzerland. Learn More Rhyality &#8211; Immersive Art [&hellip;]<\/p>\n","protected":false},"author":8,"featured_media":0,"parent":7044,"menu_order":0,"comment_status":"closed","ping_status":"closed","template":"","meta":{"_acf_changed":false,"inline_featured_image":false,"footnotes":""},"class_list":["post-7339","page","type-page","status-publish","hentry"],"acf":[],"_links":{"self":[{"href":"https:\/\/rhyfall-maendli.ch\/en\/wp-json\/wp\/v2\/pages\/7339","targetHints":{"allow":["GET"]}}],"collection":[{"href":"https:\/\/rhyfall-maendli.ch\/en\/wp-json\/wp\/v2\/pages"}],"about":[{"href":"https:\/\/rhyfall-maendli.ch\/en\/wp-json\/wp\/v2\/types\/page"}],"author":[{"embeddable":true,"href":"https:\/\/rhyfall-maendli.ch\/en\/wp-json\/wp\/v2\/users\/8"}],"replies":[{"embeddable":true,"href":"https:\/\/rhyfall-maendli.ch\/en\/wp-json\/wp\/v2\/comments?post=7339"}],"version-history":[{"count":13,"href":"https:\/\/rhyfall-maendli.ch\/en\/wp-json\/wp\/v2\/pages\/7339\/revisions"}],"predecessor-version":[{"id":13476,"href":"https:\/\/rhyfall-maendli.ch\/en\/wp-json\/wp\/v2\/pages\/7339\/revisions\/13476"}],"up":[{"embeddable":true,"href":"https:\/\/rhyfall-maendli.ch\/en\/wp-json\/wp\/v2\/pages\/7044"}],"wp:attachment":[{"href":"https:\/\/rhyfall-maendli.ch\/en\/wp-json\/wp\/v2\/media?parent=7339"}],"curies":[{"name":"wp","href":"https:\/\/api.w.org\/{rel}","templated":true}]}}